{"id":33,"date":"2014-10-15T19:15:16","date_gmt":"2014-10-15T19:15:16","guid":{"rendered":"http:\/\/gravmark.se\/?page_id=33"},"modified":"2016-02-27T10:34:01","modified_gmt":"2016-02-27T10:34:01","slug":"lankar","status":"publish","type":"page","link":"https:\/\/gravmark.se\/?page_id=33","title":{"rendered":"L\u00e4nkar"},"content":{"rendered":"<p><strong><a href=\"http:\/\/www.bygdegardarna.se\/\" target=\"_blank\">Bygdeg\u00e5rdarnasriksf\u00f6rbund<\/a><\/strong><\/p>\n<p><strong><a href=\"http:\/\/www.bygder\u00e5detume\u00e5.se\/\" target=\"_blank\">Bygder\u00e5det<\/a><\/strong><\/p>\n<p><strong><a href=\"http:\/\/furunas.se\" target=\"_blank\">Furun\u00e4s<\/a><\/strong><\/p>\n<p><strong><a href=\"http:\/\/bullmark.se\" target=\"_blank\">Bullmark<\/a><\/strong><\/p>\n<p><strong><a href=\"http:\/\/www.cafestorudden.com\/\" target=\"_blank\">Caf\u00e9 Storudden<\/a><\/strong><\/p>\n<p><strong><a href=\"http:\/\/www.minabibliotek.se\/default.aspx?id=104123\" target=\"_blank\">Bokbussen<\/a><\/strong><\/p>\n<p><strong><a href=\"http:\/\/skidsp\u00e5r.se\/vasterbotten\/umea\/klappmark#\" target=\"_blank\">Skidsp\u00e5r<\/a><\/strong><\/p>\n<p><strong><a href=\"http:\/\/fodfoto.se\/\" target=\"_blank\">fodfoto<\/a><\/strong><\/p>\n","protected":false},"excerpt":{"rendered":"<p>Bygdeg\u00e5rdarnasriksf\u00f6rbund Bygder\u00e5det Furun\u00e4s Bullmark Caf\u00e9 Storudden Bokbussen Skidsp\u00e5r fodfoto<\/p>\n","protected":false},"author":1,"featured_media":0,"parent":0,"menu_order":0,"comment_status":"open","ping_status":"open","template":"","meta":[],"_links":{"self":[{"href":"https:\/\/gravmark.se\/index.php?rest_route=\/wp\/v2\/pages\/33"}],"collection":[{"href":"https:\/\/gravmark.se\/index.php?rest_route=\/wp\/v2\/pages"}],"about":[{"href":"https:\/\/gravmark.se\/index.php?rest_route=\/wp\/v2\/types\/page"}],"author":[{"embeddable":true,"href":"https:\/\/gravmark.se\/index.php?rest_route=\/wp\/v2\/users\/1"}],"replies":[{"embeddable":true,"href":"https:\/\/gravmark.se\/index.php?rest_route=%2Fwp%2Fv2%2Fcomments&post=33"}],"version-history":[{"count":8,"href":"https:\/\/gravmark.se\/index.php?rest_route=\/wp\/v2\/pages\/33\/revisions"}],"predecessor-version":[{"id":209,"href":"https:\/\/gravmark.se\/index.php?rest_route=\/wp\/v2\/pages\/33\/revisions\/209"}],"wp:attachment":[{"href":"https:\/\/gravmark.se\/index.php?rest_route=%2Fwp%2Fv2%2Fmedia&parent=33"}],"curies":[{"name":"wp","href":"https:\/\/api.w.org\/{rel}","templated":true}]}}