{"id":2,"date":"2014-10-09T14:57:31","date_gmt":"2014-10-09T14:57:31","guid":{"rendered":"http:\/\/www.gravmark.se\/?page_id=2"},"modified":"2014-10-09T18:22:00","modified_gmt":"2014-10-09T18:22:00","slug":"sample-page","status":"publish","type":"page","link":"https:\/\/gravmark.se\/?page_id=2","title":{"rendered":"kl\u00e4ppstugan"},"content":{"rendered":"<h3>Kl\u00e4ppstugan \u2013 bygdens livsnerv<\/h3>\n<p><a class=\"modal\" href=\"http:\/\/gravmark.se\/images\/gallery\/image_004.jpg\"><img decoding=\"async\" loading=\"lazy\" class=\"alignright\" src=\"http:\/\/gravmark.se\/images\/stories\/klappen.jpg\" alt=\"kl\u00e4ppstugan\" width=\"256\" height=\"192\" \/><\/a><\/p>\n<p>Den gamla skolan i Gravmark har f\u00e5tt namnet Kl\u00e4ppstugan,\u00a0\u00a0\u00a0\u00a0\u00a0\u00a0\u00a0\u00a0\u00a0\u00a0\u00a0\u00a0\u00a0\u00a0\u00a0\u00a0\u00a0\u00a0\u00a0\u00a0\u00a0\u00a0\u00a0\u00a0\u00a0\u00a0\u00a0\u00a0\u00a0\u00a0\u00a0\u00a0\u00a0\u00a0\u00a0\u00a0\u00a0\u00a0\u00a0\u00a0\u00a0\u00a0\u00a0\u00a0\u00a0\u00a0\u00a0\u00a0\u00a0\u00a0 \u00a0 \u00a0 \u00a0 \u00a0 \u00a0\u00a0\u00a0\u00a0\u00a0\u00a0\u00a0 och tj\u00e4nar nu som Gravmarkbygdens bygdeg\u00e5rd.<\/p>\n<p>I huset sjuder det av verksamhet. Under hela \u00e5ret erbjuds bygdens m\u00e4nniskor arrangemang av allehanda slag och h\u00e4r finns m\u00f6jlighet att g\u00e5 kurser och tr\u00e4na styrketr\u00e4ning. Barn och ungdomsverksamhet bedrivs p\u00e5 helgerna.<\/p>\n<p>Under de senaste \u00e5ren har v\u00e5rdtr\u00e4d planterats ute p\u00e5 festplatsen f\u00f6r de nyf\u00f6dda barnen ute i bygden.Midsommarfirandet \u00e4r en tradition som Gravmark n\u00e4rt sedan 1970-talet d\u00e5 alla kan komma till byn och njuta av mat, f\u00f6rstklassig underh\u00e5llning och lekar p\u00e5 midsommaraftonen.<\/p>\n<p>Bes\u00f6k oss g\u00e4rna och delta i festligheterna!<\/p>\n<p>Det \u00e4r m\u00e4nniskorna i bygden som g\u00f6r Gravmark s\u00e5 speciellt. H\u00e4r str\u00e4var alla mot samma m\u00e5l, och visionerna \u00e4r l\u00e5ngtg\u00e5ende. P\u00e5 Kl\u00e4ppstugan finns utm\u00e4rkta konferensm\u00f6jligheter. Kl\u00e4ppstugan g\u00e5r att hyra helt eller delvis f\u00f6r att passa just dina arrangemang.<\/p>\n<h3>Detta kan vi erbjuda:<\/h3>\n<p>Stora salen p\u00e5 \u00f6verv\u00e5ningen rymmer ca 60 personer, komplett servis finns. K\u00f6ket \u00e4r utrustat med ugn, micro, kaffebryggare, kyl, frys, diskmaskin. Lilla salen p\u00e5 nedre plan rymmer ca 10 personer. Huset har en mindre gymnastiksal och styrketr\u00e4ningsrum i k\u00e4llaren.<\/p>\n<p>Toaletter p\u00e5 tv\u00e5 plan samt duschar i k\u00e4llaren. Ljudanl\u00e4ggning, ljusanl\u00e4ggning, r\u00f6kmaskin, TV,<\/p>\n<p>dator med bredbandsuppkoppling, overheadapparat samt whiteboardtavla finns i huset. P\u00e5 festplatsen nedanf\u00f6r Kl\u00e4ppstugan finns en scen samt grillplats. Elljussp\u00e5r g\u00e5r f\u00f6rbi fastigheten.<\/p>\n<p>&nbsp;<\/p>\n<p>&nbsp;<\/p>\n","protected":false},"excerpt":{"rendered":"<p>Kl\u00e4ppstugan \u2013 bygdens livsnerv Den gamla skolan i Gravmark har f\u00e5tt namnet Kl\u00e4ppstugan,\u00a0\u00a0\u00a0\u00a0\u00a0\u00a0\u00a0\u00a0\u00a0\u00a0\u00a0\u00a0\u00a0\u00a0\u00a0\u00a0\u00a0\u00a0\u00a0\u00a0\u00a0\u00a0\u00a0\u00a0\u00a0\u00a0\u00a0\u00a0\u00a0\u00a0\u00a0\u00a0\u00a0\u00a0\u00a0\u00a0\u00a0\u00a0\u00a0\u00a0\u00a0\u00a0\u00a0\u00a0\u00a0\u00a0\u00a0\u00a0\u00a0\u00a0 \u00a0 \u00a0 \u00a0 \u00a0 \u00a0\u00a0\u00a0\u00a0\u00a0\u00a0\u00a0 och tj\u00e4nar nu som Gravmarkbygdens bygdeg\u00e5rd. I huset sjuder det av verksamhet. Under hela \u00e5ret erbjuds bygdens m\u00e4nniskor arrangemang av allehanda slag &hellip; <a href=\"https:\/\/gravmark.se\/?page_id=2\">L\u00e4s mer <span class=\"meta-nav\">&rarr;<\/span><\/a><\/p>\n","protected":false},"author":1,"featured_media":0,"parent":0,"menu_order":0,"comment_status":"open","ping_status":"open","template":"","meta":[],"_links":{"self":[{"href":"https:\/\/gravmark.se\/index.php?rest_route=\/wp\/v2\/pages\/2"}],"collection":[{"href":"https:\/\/gravmark.se\/index.php?rest_route=\/wp\/v2\/pages"}],"about":[{"href":"https:\/\/gravmark.se\/index.php?rest_route=\/wp\/v2\/types\/page"}],"author":[{"embeddable":true,"href":"https:\/\/gravmark.se\/index.php?rest_route=\/wp\/v2\/users\/1"}],"replies":[{"embeddable":true,"href":"https:\/\/gravmark.se\/index.php?rest_route=%2Fwp%2Fv2%2Fcomments&post=2"}],"version-history":[{"count":2,"href":"https:\/\/gravmark.se\/index.php?rest_route=\/wp\/v2\/pages\/2\/revisions"}],"predecessor-version":[{"id":9,"href":"https:\/\/gravmark.se\/index.php?rest_route=\/wp\/v2\/pages\/2\/revisions\/9"}],"wp:attachment":[{"href":"https:\/\/gravmark.se\/index.php?rest_route=%2Fwp%2Fv2%2Fmedia&parent=2"}],"curies":[{"name":"wp","href":"https:\/\/api.w.org\/{rel}","templated":true}]}}