{"id":17,"date":"2014-10-10T21:30:10","date_gmt":"2014-10-10T21:30:10","guid":{"rendered":"http:\/\/gravmark.se\/?page_id=17"},"modified":"2014-10-10T21:32:55","modified_gmt":"2014-10-10T21:32:55","slug":"krokbacksfallet","status":"publish","type":"page","link":"https:\/\/gravmark.se\/?page_id=17","title":{"rendered":"Krokb\u00e4cksfallet"},"content":{"rendered":"<h3>Laxtrappan<\/h3>\n<h4>S\u00e4var\u00e5n anv\u00e4ndes f\u00f6rr till flottning men nu kan man i Krokb\u00e4ck stoltsera med en\u00a0\u00a0 laxtrappa som fr\u00e4mjar laxfiskens fortlevnad.<\/h4>\n<h4>Trappan, som togs i bruk 1998, ligger inb\u00e4ddad i Krokb\u00e4cksfallet som \u00e4r ett av de m\u00e4ktigaste fallen i S\u00e4var\u00e5n med erosionsbranter upp till 22 meter h\u00f6ga. Vid fallet finns fina rastplatser, eldhus och uppst\u00e4llningsplatser f\u00f6r husvagnar.<\/h4>\n<h4><\/h4>\n<h3><a class=\"modal\" href=\"http:\/\/gravmark.se\/images\/gallery\/image_013.jpg\"><img decoding=\"async\" src=\"http:\/\/gravmark.se\/images\/stories\/trappan.jpg\" alt=\"laxtrappan i krokb\u00e4ck\" border=\"0\" \/><\/a><\/h3>\n<p>&nbsp;<\/p>\n","protected":false},"excerpt":{"rendered":"<p>Laxtrappan S\u00e4var\u00e5n anv\u00e4ndes f\u00f6rr till flottning men nu kan man i Krokb\u00e4ck stoltsera med en\u00a0\u00a0 laxtrappa som fr\u00e4mjar laxfiskens fortlevnad. Trappan, som togs i bruk 1998, ligger inb\u00e4ddad i Krokb\u00e4cksfallet som \u00e4r ett av de m\u00e4ktigaste fallen i S\u00e4var\u00e5n med &hellip; <a href=\"https:\/\/gravmark.se\/?page_id=17\">L\u00e4s mer <span class=\"meta-nav\">&rarr;<\/span><\/a><\/p>\n","protected":false},"author":1,"featured_media":0,"parent":0,"menu_order":0,"comment_status":"open","ping_status":"open","template":"","meta":[],"_links":{"self":[{"href":"https:\/\/gravmark.se\/index.php?rest_route=\/wp\/v2\/pages\/17"}],"collection":[{"href":"https:\/\/gravmark.se\/index.php?rest_route=\/wp\/v2\/pages"}],"about":[{"href":"https:\/\/gravmark.se\/index.php?rest_route=\/wp\/v2\/types\/page"}],"author":[{"embeddable":true,"href":"https:\/\/gravmark.se\/index.php?rest_route=\/wp\/v2\/users\/1"}],"replies":[{"embeddable":true,"href":"https:\/\/gravmark.se\/index.php?rest_route=%2Fwp%2Fv2%2Fcomments&post=17"}],"version-history":[{"count":4,"href":"https:\/\/gravmark.se\/index.php?rest_route=\/wp\/v2\/pages\/17\/revisions"}],"predecessor-version":[{"id":21,"href":"https:\/\/gravmark.se\/index.php?rest_route=\/wp\/v2\/pages\/17\/revisions\/21"}],"wp:attachment":[{"href":"https:\/\/gravmark.se\/index.php?rest_route=%2Fwp%2Fv2%2Fmedia&parent=17"}],"curies":[{"name":"wp","href":"https:\/\/api.w.org\/{rel}","templated":true}]}}